{"id":3395,"date":"2013-02-11T08:26:48","date_gmt":"2013-02-11T08:26:48","guid":{"rendered":"http:\/\/www.nightbarcelona.net\/ca\/contacto\/"},"modified":"2017-04-06T10:57:07","modified_gmt":"2017-04-06T08:57:07","slug":"contacto","status":"publish","type":"page","link":"https:\/\/www.nightbarcelona.net\/ca\/contacto\/","title":{"rendered":"Contacte"},"content":{"rendered":"<h6 style=\"text-align: center;\">LOCALITZACI\u00d3<\/h6>\n<p style=\"text-align: center;\">Carrer Diputaci\u00f3, 161. Barcelona.\n<\/p>\n<p style=\"text-align: center;\">\n<div class=\"one_third\">\n<h6 style=\"text-align: center;\">CONTACTE<\/h6>\n<p style=\"text-align: center;\">(34) 935 031 701<br \/>\ninfo@nightbarcelona.net\n<\/div>\n<\/p>\n<p style=\"text-align: center;\">\n<div class=\"one_third last\">\n<h6 style=\"text-align: center;\">COM ARRIBAR<\/h6>\n<p style=\"text-align: center;\">Obrir <a href=\"https:\/\/goo.gl\/maps\/VbB8q59A8KH2\" target=\"_blank\"> Google Maps <\/a>\n<\/div>\n<div class=\"clearboth\"><\/div>\n<\/p>\n<p>Fes servir el formulari de contacte per a enviar els teus comentaris i sugger\u00e8ncies. <!--:--><!--:en--><\/p>\n<p style=\"text-align: center;\">\n<div class=\"one_third\"><\/div><\/p>\n","protected":false},"excerpt":{"rendered":"<p>LOCALITZACI\u00d3 Carrer Diputaci\u00f3, 161. Barcelona. Fes servir el formulari de contacte per a enviar els teus comentaris i sugger\u00e8ncies.<\/p>\n","protected":false},"author":1,"featured_media":0,"parent":0,"menu_order":0,"comment_status":"open","ping_status":"closed","template":"template-contact.php","meta":[],"yoast_head":"<!-- This site is optimized with the Yoast SEO plugin v20.8 - https:\/\/yoast.com\/wordpress\/plugins\/seo\/ -->\n<title>Contacte - gay bar<\/title>\n<meta name=\"robots\" content=\"index, follow, max-snippet:-1, max-image-preview:large, max-video-preview:-1\" \/>\n<link rel=\"canonical\" href=\"https:\/\/www.nightbarcelona.net\/ca\/contacto\/\" \/>\n<meta property=\"og:locale\" content=\"ca_ES\" \/>\n<meta property=\"og:type\" content=\"article\" \/>\n<meta property=\"og:title\" content=\"Contacte - gay bar\" \/>\n<meta property=\"og:description\" content=\"LOCALITZACI\u00d3 Carrer Diputaci\u00f3, 161. Barcelona. Fes servir el formulari de contacte per a enviar els teus comentaris i sugger\u00e8ncies.\" \/>\n<meta property=\"og:url\" content=\"https:\/\/www.nightbarcelona.net\/ca\/contacto\/\" \/>\n<meta property=\"og:site_name\" content=\"gay bar\" \/>\n<meta property=\"article:publisher\" content=\"https:\/\/www.facebook.com\/Night.Barcelona\" \/>\n<meta property=\"article:modified_time\" content=\"2017-04-06T08:57:07+00:00\" \/>\n<meta name=\"twitter:card\" content=\"summary_large_image\" \/>\n<meta name=\"twitter:site\" content=\"@nightbcngay\" \/>\n<script type=\"application\/ld+json\" class=\"yoast-schema-graph\">{\"@context\":\"https:\/\/schema.org\",\"@graph\":[{\"@type\":\"WebPage\",\"@id\":\"https:\/\/www.nightbarcelona.net\/ca\/contacto\/\",\"url\":\"https:\/\/www.nightbarcelona.net\/ca\/contacto\/\",\"name\":\"Contacte - gay bar\",\"isPartOf\":{\"@id\":\"https:\/\/www.nightbarcelona.net\/en\/#website\"},\"datePublished\":\"2013-02-11T08:26:48+00:00\",\"dateModified\":\"2017-04-06T08:57:07+00:00\",\"breadcrumb\":{\"@id\":\"https:\/\/www.nightbarcelona.net\/ca\/contacto\/#breadcrumb\"},\"inLanguage\":\"ca\",\"potentialAction\":[{\"@type\":\"ReadAction\",\"target\":[\"https:\/\/www.nightbarcelona.net\/ca\/contacto\/\"]}]},{\"@type\":\"BreadcrumbList\",\"@id\":\"https:\/\/www.nightbarcelona.net\/ca\/contacto\/#breadcrumb\",\"itemListElement\":[{\"@type\":\"ListItem\",\"position\":1,\"name\":\"Portada\",\"item\":\"https:\/\/www.nightbarcelona.net\/ca\/\"},{\"@type\":\"ListItem\",\"position\":2,\"name\":\"Contacte\"}]},{\"@type\":\"WebSite\",\"@id\":\"https:\/\/www.nightbarcelona.net\/en\/#website\",\"url\":\"https:\/\/www.nightbarcelona.net\/en\/\",\"name\":\"gay bar\",\"description\":\"Barcelona 100 % gay cruising bar\",\"potentialAction\":[{\"@type\":\"SearchAction\",\"target\":{\"@type\":\"EntryPoint\",\"urlTemplate\":\"https:\/\/www.nightbarcelona.net\/en\/?s={search_term_string}\"},\"query-input\":\"required name=search_term_string\"}],\"inLanguage\":\"ca\"}]}<\/script>\n<!-- \/ Yoast SEO plugin. -->","yoast_head_json":{"title":"Contacte - gay bar","robots":{"index":"index","follow":"follow","max-snippet":"max-snippet:-1","max-image-preview":"max-image-preview:large","max-video-preview":"max-video-preview:-1"},"canonical":"https:\/\/www.nightbarcelona.net\/ca\/contacto\/","og_locale":"ca_ES","og_type":"article","og_title":"Contacte - gay bar","og_description":"LOCALITZACI\u00d3 Carrer Diputaci\u00f3, 161. Barcelona. Fes servir el formulari de contacte per a enviar els teus comentaris i sugger\u00e8ncies.","og_url":"https:\/\/www.nightbarcelona.net\/ca\/contacto\/","og_site_name":"gay bar","article_publisher":"https:\/\/www.facebook.com\/Night.Barcelona","article_modified_time":"2017-04-06T08:57:07+00:00","twitter_card":"summary_large_image","twitter_site":"@nightbcngay","schema":{"@context":"https:\/\/schema.org","@graph":[{"@type":"WebPage","@id":"https:\/\/www.nightbarcelona.net\/ca\/contacto\/","url":"https:\/\/www.nightbarcelona.net\/ca\/contacto\/","name":"Contacte - gay bar","isPartOf":{"@id":"https:\/\/www.nightbarcelona.net\/en\/#website"},"datePublished":"2013-02-11T08:26:48+00:00","dateModified":"2017-04-06T08:57:07+00:00","breadcrumb":{"@id":"https:\/\/www.nightbarcelona.net\/ca\/contacto\/#breadcrumb"},"inLanguage":"ca","potentialAction":[{"@type":"ReadAction","target":["https:\/\/www.nightbarcelona.net\/ca\/contacto\/"]}]},{"@type":"BreadcrumbList","@id":"https:\/\/www.nightbarcelona.net\/ca\/contacto\/#breadcrumb","itemListElement":[{"@type":"ListItem","position":1,"name":"Portada","item":"https:\/\/www.nightbarcelona.net\/ca\/"},{"@type":"ListItem","position":2,"name":"Contacte"}]},{"@type":"WebSite","@id":"https:\/\/www.nightbarcelona.net\/en\/#website","url":"https:\/\/www.nightbarcelona.net\/en\/","name":"gay bar","description":"Barcelona 100 % gay cruising bar","potentialAction":[{"@type":"SearchAction","target":{"@type":"EntryPoint","urlTemplate":"https:\/\/www.nightbarcelona.net\/en\/?s={search_term_string}"},"query-input":"required name=search_term_string"}],"inLanguage":"ca"}]}},"_links":{"self":[{"href":"https:\/\/www.nightbarcelona.net\/ca\/wp-json\/wp\/v2\/pages\/3395"}],"collection":[{"href":"https:\/\/www.nightbarcelona.net\/ca\/wp-json\/wp\/v2\/pages"}],"about":[{"href":"https:\/\/www.nightbarcelona.net\/ca\/wp-json\/wp\/v2\/types\/page"}],"author":[{"embeddable":true,"href":"https:\/\/www.nightbarcelona.net\/ca\/wp-json\/wp\/v2\/users\/1"}],"replies":[{"embeddable":true,"href":"https:\/\/www.nightbarcelona.net\/ca\/wp-json\/wp\/v2\/comments?post=3395"}],"version-history":[{"count":11,"href":"https:\/\/www.nightbarcelona.net\/ca\/wp-json\/wp\/v2\/pages\/3395\/revisions"}],"predecessor-version":[{"id":4952,"href":"https:\/\/www.nightbarcelona.net\/ca\/wp-json\/wp\/v2\/pages\/3395\/revisions\/4952"}],"wp:attachment":[{"href":"https:\/\/www.nightbarcelona.net\/ca\/wp-json\/wp\/v2\/media?parent=3395"}],"curies":[{"name":"wp","href":"https:\/\/api.w.org\/{rel}","templated":true}]}}